{"id":5888,"date":"2026-02-21T10:59:32","date_gmt":"2026-02-21T09:59:32","guid":{"rendered":"https:\/\/boutique-osoleil.fr\/?post_type=product&#038;p=5888"},"modified":"2026-03-25T17:12:37","modified_gmt":"2026-03-25T16:12:37","slug":"blouse-rosaline","status":"publish","type":"product","link":"https:\/\/boutique-osoleil.fr\/index.php\/produit\/blouse-rosaline\/","title":{"rendered":"Blouse Rosaline"},"content":{"rendered":"<h1 data-start=\"264\" data-end=\"295\">\ud83e\udd0d Blouse volant\u00e9e Rosaline<\/h1>\n<p data-start=\"297\" data-end=\"376\">La blouse <strong data-start=\"307\" data-end=\"319\">Rosaline<\/strong> incarne l\u2019\u00e9l\u00e9gance romantique dans toute sa d\u00e9licatesse.<\/p>\n<p data-start=\"378\" data-end=\"617\">Confectionn\u00e9e dans un voile l\u00e9ger et fluide, elle s\u00e9duit par son imprim\u00e9 de petits c\u0153urs discrets qui apportent une touche subtilement f\u00e9minine. Son tissu a\u00e9rien cr\u00e9e un joli mouvement \u00e0 chaque geste, pour une silhouette douce et raffin\u00e9e.<\/p>\n<p data-start=\"619\" data-end=\"889\">Les volants d\u00e9licatement dispos\u00e9s sur le buste et les \u00e9paules structurent la pi\u00e8ce tout en apportant du relief. Le col montant agr\u00e9ment\u00e9 d\u2019un lien \u00e0 nouer permet de jouer avec le style : nou\u00e9 pour une allure sophistiqu\u00e9e, ou l\u00e9g\u00e8rement ouvert pour un rendu plus moderne.<\/p>\n<p data-start=\"891\" data-end=\"1019\">Les manches longues l\u00e9g\u00e8rement bouffantes se terminent par des poignets volant\u00e9s, ajoutant encore plus de charme et de l\u00e9g\u00e8ret\u00e9.<\/p>\n<p data-start=\"1021\" data-end=\"1256\">\u2728 D\u00e9tails :<br data-start=\"1032\" data-end=\"1035\" \/>\u2013 Blouse en voile fluide<br data-start=\"1059\" data-end=\"1062\" \/>\u2013 Imprim\u00e9 petits c\u0153urs<br data-start=\"1084\" data-end=\"1087\" \/>\u2013 Volants sur le devant et aux \u00e9paules<br data-start=\"1125\" data-end=\"1128\" \/>\u2013 Col montant avec lien \u00e0 nouer<br data-start=\"1159\" data-end=\"1162\" \/>\u2013 Manches longues l\u00e9g\u00e8rement bouffantes<br data-start=\"1201\" data-end=\"1204\" \/>\u2013 Poignets volant\u00e9s<br data-start=\"1223\" data-end=\"1226\" \/>\u2013 Coupe f\u00e9minine et \u00e9l\u00e9gante<\/p>\n<p data-start=\"1258\" data-end=\"1291\">\ud83e\uddf5 Composition : 100% polyester<\/p>\n<p data-start=\"1293\" data-end=\"1540\">Gr\u00e2ce \u00e0 sa mati\u00e8re l\u00e9g\u00e8re et fluide, la blouse <strong data-start=\"1340\" data-end=\"1352\">Rosaline<\/strong> est agr\u00e9able \u00e0 porter tout au long de la journ\u00e9e. Elle se marie parfaitement avec un jean pour un contraste chic-d\u00e9contract\u00e9, ou avec un pantalon habill\u00e9 pour une tenue plus sophistiqu\u00e9e.<\/p>\n<p data-start=\"1542\" data-end=\"1639\">Une pi\u00e8ce d\u00e9licate et intemporelle, id\u00e9ale pour apporter romantisme et \u00e9l\u00e9gance \u00e0 votre dressing.<\/p>\n","protected":false},"excerpt":{"rendered":"<p>\ud83e\udd0d Blouse volant\u00e9e Rosaline La blouse Rosaline incarne l\u2019\u00e9l\u00e9gance romantique dans toute sa d\u00e9licatesse. Confectionn\u00e9e dans un voile l\u00e9ger et fluide, elle s\u00e9duit par son imprim\u00e9 de petits c\u0153urs discrets qui apportent une touche subtilement f\u00e9minine. Son tissu a\u00e9rien cr\u00e9e un joli mouvement \u00e0 chaque geste, pour une silhouette douce et raffin\u00e9e. Les volants d\u00e9licatement [&hellip;]<\/p>\n","protected":false},"featured_media":6044,"comment_status":"open","ping_status":"closed","template":"","meta":{"_et_pb_use_builder":"","_et_pb_old_content":"","_et_gb_content_width":"","_monsterinsights_skip_tracking":false,"_monsterinsights_sitenote_active":false,"_monsterinsights_sitenote_note":"","_monsterinsights_sitenote_category":0,"_uf_show_specific_survey":0,"_uf_disable_surveys":false},"product_brand":[],"product_cat":[26],"product_tag":[],"class_list":{"0":"post-5888","1":"product","2":"type-product","3":"status-publish","4":"has-post-thumbnail","6":"product_cat-blouses-et-chemises","8":"first","9":"instock","10":"shipping-taxable","11":"purchasable","12":"product-type-variable"},"aioseo_notices":[],"_links":{"self":[{"href":"https:\/\/boutique-osoleil.fr\/index.php\/wp-json\/wp\/v2\/product\/5888","targetHints":{"allow":["GET"]}}],"collection":[{"href":"https:\/\/boutique-osoleil.fr\/index.php\/wp-json\/wp\/v2\/product"}],"about":[{"href":"https:\/\/boutique-osoleil.fr\/index.php\/wp-json\/wp\/v2\/types\/product"}],"replies":[{"embeddable":true,"href":"https:\/\/boutique-osoleil.fr\/index.php\/wp-json\/wp\/v2\/comments?post=5888"}],"wp:featuredmedia":[{"embeddable":true,"href":"https:\/\/boutique-osoleil.fr\/index.php\/wp-json\/wp\/v2\/media\/6044"}],"wp:attachment":[{"href":"https:\/\/boutique-osoleil.fr\/index.php\/wp-json\/wp\/v2\/media?parent=5888"}],"wp:term":[{"taxonomy":"product_brand","embeddable":true,"href":"https:\/\/boutique-osoleil.fr\/index.php\/wp-json\/wp\/v2\/product_brand?post=5888"},{"taxonomy":"product_cat","embeddable":true,"href":"https:\/\/boutique-osoleil.fr\/index.php\/wp-json\/wp\/v2\/product_cat?post=5888"},{"taxonomy":"product_tag","embeddable":true,"href":"https:\/\/boutique-osoleil.fr\/index.php\/wp-json\/wp\/v2\/product_tag?post=5888"}],"curies":[{"name":"wp","href":"https:\/\/api.w.org\/{rel}","templated":true}]}}