{"id":6722,"date":"2026-04-03T10:20:18","date_gmt":"2026-04-03T08:20:18","guid":{"rendered":"https:\/\/boutique-osoleil.fr\/?post_type=product&#038;p=6722"},"modified":"2026-04-11T18:11:12","modified_gmt":"2026-04-11T16:11:12","slug":"chemise-nola","status":"publish","type":"product","link":"https:\/\/boutique-osoleil.fr\/index.php\/produit\/chemise-nola\/","title":{"rendered":"Chemise Nola"},"content":{"rendered":"<p data-start=\"112\" data-end=\"154\"><strong data-start=\"112\" data-end=\"154\">Chemise Nola \u2013 oversize pliss\u00e9e au dos<\/strong><\/p>\n<p data-start=\"156\" data-end=\"343\">La chemise parfaite pour un look \u00e0 la fois chic et effortless \ud83e\udd0d<br data-start=\"220\" data-end=\"223\" \/>Avec sa coupe oversize ultra tendance, elle offre une silhouette fluide et moderne, id\u00e9ale pour toutes les morphologies.<\/p>\n<p data-start=\"345\" data-end=\"631\">On adore son d\u00e9tail signature : un joli jeu de plis dans le dos qui apporte du mouvement et une vraie touche d\u2019\u00e9l\u00e9gance \u00e0 la pi\u00e8ce. Son col classique et sa poche poitrine viennent structurer l\u2019ensemble, tandis que ses manches retroussables permettent de varier les styles selon l\u2019envie.<\/p>\n<p data-start=\"633\" data-end=\"719\">Confectionn\u00e9e en 100% coton, elle est douce, l\u00e9g\u00e8re et agr\u00e9able \u00e0 porter au quotidien.<\/p>\n<p data-start=\"721\" data-end=\"837\">\u00c0 porter ouverte sur un d\u00e9bardeur, rentr\u00e9e dans un jean ou en version loose pour un look d\u00e9contract\u00e9 mais travaill\u00e9.<\/p>\n<p data-start=\"839\" data-end=\"852\"><strong data-start=\"839\" data-end=\"852\">D\u00e9tails :<\/strong><\/p>\n<ul data-start=\"853\" data-end=\"979\">\n<li data-section-id=\"15lycun\" data-start=\"853\" data-end=\"871\">Coupe oversize<\/li>\n<li data-section-id=\"15lycun\" data-start=\"853\" data-end=\"871\">Coloris bleu ciel<\/li>\n<li data-section-id=\"c56xoi\" data-start=\"872\" data-end=\"908\">Plis au dos pour un effet fluide<\/li>\n<li data-section-id=\"3twble\" data-start=\"909\" data-end=\"934\">Col chemise classique<\/li>\n<li data-section-id=\"twdv1n\" data-start=\"935\" data-end=\"953\">Poche poitrine<\/li>\n<li data-section-id=\"f3sq11\" data-start=\"954\" data-end=\"979\">Manches retroussables<\/li>\n<\/ul>\n<p data-start=\"981\" data-end=\"1011\"><strong data-start=\"981\" data-end=\"998\">Composition :<\/strong><br data-start=\"998\" data-end=\"1001\" \/>100% coton<\/p>\n","protected":false},"excerpt":{"rendered":"<p>Chemise Nola \u2013 oversize pliss\u00e9e au dos La chemise parfaite pour un look \u00e0 la fois chic et effortless \ud83e\udd0dAvec sa coupe oversize ultra tendance, elle offre une silhouette fluide et moderne, id\u00e9ale pour toutes les morphologies. On adore son d\u00e9tail signature : un joli jeu de plis dans le dos qui apporte du mouvement [&hellip;]<\/p>\n","protected":false},"featured_media":6774,"comment_status":"open","ping_status":"closed","template":"","meta":{"_et_pb_use_builder":"","_et_pb_old_content":"","_et_gb_content_width":"","_monsterinsights_skip_tracking":false,"_monsterinsights_sitenote_active":false,"_monsterinsights_sitenote_note":"","_monsterinsights_sitenote_category":0,"_uf_show_specific_survey":0,"_uf_disable_surveys":false},"product_brand":[],"product_cat":[26],"product_tag":[],"class_list":{"0":"post-6722","1":"product","2":"type-product","3":"status-publish","4":"has-post-thumbnail","6":"product_cat-blouses-et-chemises","8":"first","9":"instock","10":"shipping-taxable","11":"purchasable","12":"product-type-variable"},"aioseo_notices":[],"_links":{"self":[{"href":"https:\/\/boutique-osoleil.fr\/index.php\/wp-json\/wp\/v2\/product\/6722","targetHints":{"allow":["GET"]}}],"collection":[{"href":"https:\/\/boutique-osoleil.fr\/index.php\/wp-json\/wp\/v2\/product"}],"about":[{"href":"https:\/\/boutique-osoleil.fr\/index.php\/wp-json\/wp\/v2\/types\/product"}],"replies":[{"embeddable":true,"href":"https:\/\/boutique-osoleil.fr\/index.php\/wp-json\/wp\/v2\/comments?post=6722"}],"wp:featuredmedia":[{"embeddable":true,"href":"https:\/\/boutique-osoleil.fr\/index.php\/wp-json\/wp\/v2\/media\/6774"}],"wp:attachment":[{"href":"https:\/\/boutique-osoleil.fr\/index.php\/wp-json\/wp\/v2\/media?parent=6722"}],"wp:term":[{"taxonomy":"product_brand","embeddable":true,"href":"https:\/\/boutique-osoleil.fr\/index.php\/wp-json\/wp\/v2\/product_brand?post=6722"},{"taxonomy":"product_cat","embeddable":true,"href":"https:\/\/boutique-osoleil.fr\/index.php\/wp-json\/wp\/v2\/product_cat?post=6722"},{"taxonomy":"product_tag","embeddable":true,"href":"https:\/\/boutique-osoleil.fr\/index.php\/wp-json\/wp\/v2\/product_tag?post=6722"}],"curies":[{"name":"wp","href":"https:\/\/api.w.org\/{rel}","templated":true}]}}