{"id":6737,"date":"2026-04-03T10:21:48","date_gmt":"2026-04-03T08:21:48","guid":{"rendered":"https:\/\/boutique-osoleil.fr\/?post_type=product&#038;p=6737"},"modified":"2026-04-15T18:00:26","modified_gmt":"2026-04-15T16:00:26","slug":"chemise-zelira","status":"publish","type":"product","link":"https:\/\/boutique-osoleil.fr\/index.php\/produit\/chemise-zelira\/","title":{"rendered":"Chemise Zelira"},"content":{"rendered":"<p data-start=\"153\" data-end=\"205\"><strong data-start=\"153\" data-end=\"205\">Chemise Zelira \u2013 rayures roses &amp; d\u00e9tails l\u00e9opard<\/strong><\/p>\n<p data-start=\"207\" data-end=\"375\">Une chemise qui attire tous les regards \ud83d\udc97\ud83d\udc06<br data-start=\"251\" data-end=\"254\" \/>La Zelira mixe parfaitement les codes avec ses rayures roses lumineuses twist\u00e9es par des touches l\u00e9opard ultra tendances.<\/p>\n<p data-start=\"377\" data-end=\"682\">Sa coupe oversize apporte une allure moderne et d\u00e9contract\u00e9e, id\u00e9ale pour un look effortless mais travaill\u00e9. On craque pour ses d\u00e9tails qui font toute la diff\u00e9rence : la poche poitrine revisit\u00e9e avec un contour l\u00e9opard, ainsi que les finitions poignets qui viennent r\u00e9veiller la silhouette avec subtilit\u00e9.<\/p>\n<p data-start=\"684\" data-end=\"781\">Une pi\u00e8ce forte mais facile \u00e0 porter, parfaite pour dynamiser un jean, un short ou m\u00eame une jupe.<\/p>\n<p data-start=\"783\" data-end=\"876\">Sa mati\u00e8re l\u00e9g\u00e8re et l\u00e9g\u00e8rement stretch assure un confort optimal tout au long de la journ\u00e9e.<\/p>\n<p data-start=\"878\" data-end=\"891\"><strong data-start=\"878\" data-end=\"891\">D\u00e9tails :<\/strong><\/p>\n<ul data-start=\"892\" data-end=\"1068\">\n<li data-section-id=\"15lycun\" data-start=\"892\" data-end=\"910\">Coupe oversize<\/li>\n<li data-section-id=\"1km6jxi\" data-start=\"911\" data-end=\"940\">Rayures roses et blanches<\/li>\n<li data-section-id=\"s8qxjp\" data-start=\"941\" data-end=\"989\">D\u00e9tails l\u00e9opard sur la poche et les poignets<\/li>\n<li data-section-id=\"3twble\" data-start=\"990\" data-end=\"1015\">Col chemise classique<\/li>\n<li data-section-id=\"1qc39ig\" data-start=\"1016\" data-end=\"1039\">Fermeture boutonn\u00e9e<\/li>\n<li data-section-id=\"wq1462\" data-start=\"1040\" data-end=\"1068\">Base l\u00e9g\u00e8rement arrondie<\/li>\n<\/ul>\n<p data-start=\"1070\" data-end=\"1120\"><strong data-start=\"1070\" data-end=\"1087\">Composition :<\/strong><br data-start=\"1087\" data-end=\"1090\" \/>95% polyester, 5% \u00e9lasthanne<\/p>\n","protected":false},"excerpt":{"rendered":"<p>Chemise Zelira \u2013 rayures roses &amp; d\u00e9tails l\u00e9opard Une chemise qui attire tous les regards \ud83d\udc97\ud83d\udc06La Zelira mixe parfaitement les codes avec ses rayures roses lumineuses twist\u00e9es par des touches l\u00e9opard ultra tendances. Sa coupe oversize apporte une allure moderne et d\u00e9contract\u00e9e, id\u00e9ale pour un look effortless mais travaill\u00e9. On craque pour ses d\u00e9tails qui [&hellip;]<\/p>\n","protected":false},"featured_media":6783,"comment_status":"open","ping_status":"closed","template":"","meta":{"_et_pb_use_builder":"","_et_pb_old_content":"","_et_gb_content_width":"","_monsterinsights_skip_tracking":false,"_monsterinsights_sitenote_active":false,"_monsterinsights_sitenote_note":"","_monsterinsights_sitenote_category":0,"_uf_show_specific_survey":0,"_uf_disable_surveys":false},"product_brand":[],"product_cat":[26],"product_tag":[],"class_list":{"0":"post-6737","1":"product","2":"type-product","3":"status-publish","4":"has-post-thumbnail","6":"product_cat-blouses-et-chemises","8":"first","9":"instock","10":"shipping-taxable","11":"purchasable","12":"product-type-variable"},"aioseo_notices":[],"_links":{"self":[{"href":"https:\/\/boutique-osoleil.fr\/index.php\/wp-json\/wp\/v2\/product\/6737","targetHints":{"allow":["GET"]}}],"collection":[{"href":"https:\/\/boutique-osoleil.fr\/index.php\/wp-json\/wp\/v2\/product"}],"about":[{"href":"https:\/\/boutique-osoleil.fr\/index.php\/wp-json\/wp\/v2\/types\/product"}],"replies":[{"embeddable":true,"href":"https:\/\/boutique-osoleil.fr\/index.php\/wp-json\/wp\/v2\/comments?post=6737"}],"wp:featuredmedia":[{"embeddable":true,"href":"https:\/\/boutique-osoleil.fr\/index.php\/wp-json\/wp\/v2\/media\/6783"}],"wp:attachment":[{"href":"https:\/\/boutique-osoleil.fr\/index.php\/wp-json\/wp\/v2\/media?parent=6737"}],"wp:term":[{"taxonomy":"product_brand","embeddable":true,"href":"https:\/\/boutique-osoleil.fr\/index.php\/wp-json\/wp\/v2\/product_brand?post=6737"},{"taxonomy":"product_cat","embeddable":true,"href":"https:\/\/boutique-osoleil.fr\/index.php\/wp-json\/wp\/v2\/product_cat?post=6737"},{"taxonomy":"product_tag","embeddable":true,"href":"https:\/\/boutique-osoleil.fr\/index.php\/wp-json\/wp\/v2\/product_tag?post=6737"}],"curies":[{"name":"wp","href":"https:\/\/api.w.org\/{rel}","templated":true}]}}