{"id":6739,"date":"2026-04-03T10:28:15","date_gmt":"2026-04-03T08:28:15","guid":{"rendered":"https:\/\/boutique-osoleil.fr\/?post_type=product&#038;p=6739"},"modified":"2026-04-11T18:07:55","modified_gmt":"2026-04-11T16:07:55","slug":"pull-orea","status":"publish","type":"product","link":"https:\/\/boutique-osoleil.fr\/index.php\/produit\/pull-orea\/","title":{"rendered":"Pull Orea"},"content":{"rendered":"<p data-start=\"107\" data-end=\"146\"><strong data-start=\"107\" data-end=\"146\">Pull Orea \u2013 oversize coloris saumon<\/strong><\/p>\n<p data-start=\"148\" data-end=\"369\">Le pull parfait pour un look cosy mais toujours styl\u00e9 \ud83e\udde1<br data-start=\"204\" data-end=\"207\" \/>Avec sa coupe oversize et son coloris saumon ultra lumineux, il enveloppe la silhouette avec douceur tout en apportant une vraie touche tendance au dressing.<\/p>\n<p data-start=\"371\" data-end=\"604\">On adore son volume ample et fluide qui tombe naturellement, ainsi que son joli d\u00e9collet\u00e9 en V qui f\u00e9minise l\u2019ensemble. Ses manches larges fa\u00e7on chauve-souris renforcent son c\u00f4t\u00e9 moderne et confortable, id\u00e9al pour un look effortless.<\/p>\n<p data-start=\"606\" data-end=\"767\">Sa maille douce et chaleureuse en fait une pi\u00e8ce incontournable pour la saison, parfaite \u00e0 porter sur un jean, un legging ou m\u00eame une jupe pour casser les codes.<\/p>\n<p data-start=\"769\" data-end=\"782\"><strong data-start=\"769\" data-end=\"782\">D\u00e9tails :<\/strong><\/p>\n<ul data-start=\"783\" data-end=\"955\">\n<li data-section-id=\"15lycun\" data-start=\"783\" data-end=\"801\">Coupe oversize<\/li>\n<li data-section-id=\"1ec9ckf\" data-start=\"802\" data-end=\"829\">Coloris saumon lumineux<\/li>\n<li data-section-id=\"133v5cs\" data-start=\"830\" data-end=\"847\">Col V f\u00e9minin<\/li>\n<li data-section-id=\"u0b5tt\" data-start=\"848\" data-end=\"885\">Manches larges type chauve-souris<\/li>\n<li data-section-id=\"aggyt5\" data-start=\"886\" data-end=\"923\">Fermeture boutonn\u00e9e sur le devant<\/li>\n<li data-section-id=\"1bpdipy\" data-start=\"924\" data-end=\"955\">Maille douce et confortable<\/li>\n<\/ul>\n<p data-start=\"957\" data-end=\"1026\"><strong data-start=\"957\" data-end=\"974\">Composition :<\/strong><br data-start=\"974\" data-end=\"977\" \/>38% laine, 36% acrylique, 18% polyester, 8% PBT<\/p>\n","protected":false},"excerpt":{"rendered":"<p>Pull Orea \u2013 oversize coloris saumon Le pull parfait pour un look cosy mais toujours styl\u00e9 \ud83e\udde1Avec sa coupe oversize et son coloris saumon ultra lumineux, il enveloppe la silhouette avec douceur tout en apportant une vraie touche tendance au dressing. On adore son volume ample et fluide qui tombe naturellement, ainsi que son joli [&hellip;]<\/p>\n","protected":false},"featured_media":6781,"comment_status":"open","ping_status":"closed","template":"","meta":{"_et_pb_use_builder":"","_et_pb_old_content":"","_et_gb_content_width":"","_monsterinsights_skip_tracking":false,"_monsterinsights_sitenote_active":false,"_monsterinsights_sitenote_note":"","_monsterinsights_sitenote_category":0,"_uf_show_specific_survey":0,"_uf_disable_surveys":false},"product_brand":[],"product_cat":[35],"product_tag":[],"class_list":{"0":"post-6739","1":"product","2":"type-product","3":"status-publish","4":"has-post-thumbnail","6":"product_cat-pulls-et-gilets","8":"first","9":"instock","10":"shipping-taxable","11":"purchasable","12":"product-type-variable"},"aioseo_notices":[],"_links":{"self":[{"href":"https:\/\/boutique-osoleil.fr\/index.php\/wp-json\/wp\/v2\/product\/6739","targetHints":{"allow":["GET"]}}],"collection":[{"href":"https:\/\/boutique-osoleil.fr\/index.php\/wp-json\/wp\/v2\/product"}],"about":[{"href":"https:\/\/boutique-osoleil.fr\/index.php\/wp-json\/wp\/v2\/types\/product"}],"replies":[{"embeddable":true,"href":"https:\/\/boutique-osoleil.fr\/index.php\/wp-json\/wp\/v2\/comments?post=6739"}],"wp:featuredmedia":[{"embeddable":true,"href":"https:\/\/boutique-osoleil.fr\/index.php\/wp-json\/wp\/v2\/media\/6781"}],"wp:attachment":[{"href":"https:\/\/boutique-osoleil.fr\/index.php\/wp-json\/wp\/v2\/media?parent=6739"}],"wp:term":[{"taxonomy":"product_brand","embeddable":true,"href":"https:\/\/boutique-osoleil.fr\/index.php\/wp-json\/wp\/v2\/product_brand?post=6739"},{"taxonomy":"product_cat","embeddable":true,"href":"https:\/\/boutique-osoleil.fr\/index.php\/wp-json\/wp\/v2\/product_cat?post=6739"},{"taxonomy":"product_tag","embeddable":true,"href":"https:\/\/boutique-osoleil.fr\/index.php\/wp-json\/wp\/v2\/product_tag?post=6739"}],"curies":[{"name":"wp","href":"https:\/\/api.w.org\/{rel}","templated":true}]}}