{"id":6741,"date":"2026-04-03T10:50:52","date_gmt":"2026-04-03T08:50:52","guid":{"rendered":"https:\/\/boutique-osoleil.fr\/?post_type=product&#038;p=6741"},"modified":"2026-04-18T17:22:48","modified_gmt":"2026-04-18T15:22:48","slug":"veste-reversible-melya","status":"publish","type":"product","link":"https:\/\/boutique-osoleil.fr\/index.php\/produit\/veste-reversible-melya\/","title":{"rendered":"Veste r\u00e9versible M\u00e9lya"},"content":{"rendered":"<p data-start=\"132\" data-end=\"182\"><strong data-start=\"132\" data-end=\"182\">Veste M\u00e9lya \u2013 r\u00e9versible fleurie &amp; rose poudr\u00e9<\/strong><\/p>\n<p data-start=\"184\" data-end=\"330\">Deux styles, une seule pi\u00e8ce \ud83c\udf38\ud83d\udc97<br data-start=\"217\" data-end=\"220\" \/>La veste M\u00e9lya est le parfait mix entre douceur, praticit\u00e9 et style avec son design r\u00e9versible ultra tendance.<\/p>\n<p data-start=\"332\" data-end=\"549\">C\u00f4t\u00e9 pile, on craque pour son effet moumoute \u00e9cru parsem\u00e9 de d\u00e9licates fleurs roses, pour un look cocooning et f\u00e9minin.<br data-start=\"451\" data-end=\"454\" \/>C\u00f4t\u00e9 face, elle d\u00e9voile un sublime rose poudr\u00e9 plus lisse, pour une allure chic et minimaliste.<\/p>\n<p data-start=\"551\" data-end=\"727\">Sa coupe l\u00e9g\u00e8rement ample et confortable en fait une pi\u00e8ce facile \u00e0 porter au quotidien, tandis que ses boutons pression et ses poches ajoutent une touche pratique qu\u2019on adore.<\/p>\n<p data-start=\"729\" data-end=\"847\">Id\u00e9ale pour varier les styles selon l\u2019envie, elle s\u2019adapte aussi bien \u00e0 un look casual qu\u2019\u00e0 une tenue plus travaill\u00e9e.<\/p>\n<p data-start=\"849\" data-end=\"862\"><strong data-start=\"849\" data-end=\"862\">D\u00e9tails :<\/strong><\/p>\n<ul data-start=\"863\" data-end=\"1126\">\n<li data-section-id=\"xbega7\" data-start=\"863\" data-end=\"898\">Veste r\u00e9versible (2 looks en 1)<\/li>\n<li data-section-id=\"1yx2ztt\" data-start=\"899\" data-end=\"956\">Face 1 : effet moumoute \u00e9cru avec imprim\u00e9 floral rose<\/li>\n<li data-section-id=\"10uda8d\" data-start=\"957\" data-end=\"985\">Face 2 : rose poudr\u00e9 uni<\/li>\n<li data-section-id=\"1qnyh9x\" data-start=\"986\" data-end=\"1020\">Fermeture par boutons pression<\/li>\n<li data-section-id=\"q5qps6\" data-start=\"1021\" data-end=\"1041\">Poches pratiques<\/li>\n<li data-section-id=\"124fe44\" data-start=\"1042\" data-end=\"1081\">Col rond avec finitions contrast\u00e9es<\/li>\n<li data-section-id=\"wbp6k6\" data-start=\"1082\" data-end=\"1126\">Coupe confortable et l\u00e9g\u00e8rement oversize<\/li>\n<\/ul>\n<p data-start=\"1128\" data-end=\"1164\"><strong data-start=\"1128\" data-end=\"1145\">Composition :<\/strong><br data-start=\"1145\" data-end=\"1148\" \/>100% polyester<\/p>\n","protected":false},"excerpt":{"rendered":"<p>Veste M\u00e9lya \u2013 r\u00e9versible fleurie &amp; rose poudr\u00e9 Deux styles, une seule pi\u00e8ce \ud83c\udf38\ud83d\udc97La veste M\u00e9lya est le parfait mix entre douceur, praticit\u00e9 et style avec son design r\u00e9versible ultra tendance. C\u00f4t\u00e9 pile, on craque pour son effet moumoute \u00e9cru parsem\u00e9 de d\u00e9licates fleurs roses, pour un look cocooning et f\u00e9minin.C\u00f4t\u00e9 face, elle d\u00e9voile un [&hellip;]<\/p>\n","protected":false},"featured_media":6794,"comment_status":"open","ping_status":"closed","template":"","meta":{"_et_pb_use_builder":"","_et_pb_old_content":"","_et_gb_content_width":"","_monsterinsights_skip_tracking":false,"_monsterinsights_sitenote_active":false,"_monsterinsights_sitenote_note":"","_monsterinsights_sitenote_category":0,"_uf_show_specific_survey":0,"_uf_disable_surveys":false},"product_brand":[],"product_cat":[41],"product_tag":[],"class_list":{"0":"post-6741","1":"product","2":"type-product","3":"status-publish","4":"has-post-thumbnail","6":"product_cat-vestes-et-manteaux","8":"first","9":"instock","10":"shipping-taxable","11":"purchasable","12":"product-type-variable"},"aioseo_notices":[],"_links":{"self":[{"href":"https:\/\/boutique-osoleil.fr\/index.php\/wp-json\/wp\/v2\/product\/6741","targetHints":{"allow":["GET"]}}],"collection":[{"href":"https:\/\/boutique-osoleil.fr\/index.php\/wp-json\/wp\/v2\/product"}],"about":[{"href":"https:\/\/boutique-osoleil.fr\/index.php\/wp-json\/wp\/v2\/types\/product"}],"replies":[{"embeddable":true,"href":"https:\/\/boutique-osoleil.fr\/index.php\/wp-json\/wp\/v2\/comments?post=6741"}],"wp:featuredmedia":[{"embeddable":true,"href":"https:\/\/boutique-osoleil.fr\/index.php\/wp-json\/wp\/v2\/media\/6794"}],"wp:attachment":[{"href":"https:\/\/boutique-osoleil.fr\/index.php\/wp-json\/wp\/v2\/media?parent=6741"}],"wp:term":[{"taxonomy":"product_brand","embeddable":true,"href":"https:\/\/boutique-osoleil.fr\/index.php\/wp-json\/wp\/v2\/product_brand?post=6741"},{"taxonomy":"product_cat","embeddable":true,"href":"https:\/\/boutique-osoleil.fr\/index.php\/wp-json\/wp\/v2\/product_cat?post=6741"},{"taxonomy":"product_tag","embeddable":true,"href":"https:\/\/boutique-osoleil.fr\/index.php\/wp-json\/wp\/v2\/product_tag?post=6741"}],"curies":[{"name":"wp","href":"https:\/\/api.w.org\/{rel}","templated":true}]}}