{"id":6744,"date":"2026-04-03T14:13:29","date_gmt":"2026-04-03T12:13:29","guid":{"rendered":"https:\/\/boutique-osoleil.fr\/?post_type=product&#038;p=6744"},"modified":"2026-04-11T18:05:39","modified_gmt":"2026-04-11T16:05:39","slug":"t-shirt-soly","status":"publish","type":"product","link":"https:\/\/boutique-osoleil.fr\/index.php\/produit\/t-shirt-soly\/","title":{"rendered":"T-shirt Soly"},"content":{"rendered":"<p data-start=\"107\" data-end=\"140\"><strong data-start=\"107\" data-end=\"140\">T-shirt Soly \u2013 imprim\u00e9 Spritz<\/strong><\/p>\n<p data-start=\"142\" data-end=\"315\">Le t-shirt qui sent bon l\u2019\u00e9t\u00e9 \ud83c\udf4a\u2728<br data-start=\"175\" data-end=\"178\" \/>Avec son imprim\u00e9 cocktail fa\u00e7on Spritz et ses touches de couleurs vitamin\u00e9es, le mod\u00e8le Soly apporte instantan\u00e9ment du peps \u00e0 votre look.<\/p>\n<p data-start=\"317\" data-end=\"554\">Sa coupe droite et confortable en fait une pi\u00e8ce facile \u00e0 porter au quotidien, parfaite pour un style d\u00e9contract\u00e9 mais toujours tendance. On adore son visuel original et graphique qui donne un esprit vacances, soleil et ap\u00e9ro entre amis.<\/p>\n<p data-start=\"556\" data-end=\"635\">\u00c0 associer avec un jean, un short ou une jupe pour un look frais et effortless.<\/p>\n<p data-start=\"637\" data-end=\"650\"><strong data-start=\"637\" data-end=\"650\">D\u00e9tails :<\/strong><\/p>\n<ul data-start=\"651\" data-end=\"776\">\n<li data-section-id=\"1sngumd\" data-start=\"651\" data-end=\"667\">Coupe droite<\/li>\n<li data-section-id=\"1sh9rlr\" data-start=\"668\" data-end=\"680\">Col rond<\/li>\n<li data-section-id=\"gwqmrc\" data-start=\"681\" data-end=\"726\">Imprim\u00e9 Spritz aux tons rouges et orang\u00e9s<\/li>\n<li data-section-id=\"jnqxcu\" data-start=\"727\" data-end=\"746\">Manches courtes<\/li>\n<li data-section-id=\"1f2e2nz\" data-start=\"747\" data-end=\"776\">Mati\u00e8re agr\u00e9able \u00e0 porter<\/li>\n<\/ul>\n<p data-start=\"854\" data-end=\"926\">\n","protected":false},"excerpt":{"rendered":"<p>T-shirt Soly \u2013 imprim\u00e9 Spritz Le t-shirt qui sent bon l\u2019\u00e9t\u00e9 \ud83c\udf4a\u2728Avec son imprim\u00e9 cocktail fa\u00e7on Spritz et ses touches de couleurs vitamin\u00e9es, le mod\u00e8le Soly apporte instantan\u00e9ment du peps \u00e0 votre look. Sa coupe droite et confortable en fait une pi\u00e8ce facile \u00e0 porter au quotidien, parfaite pour un style d\u00e9contract\u00e9 mais toujours tendance. [&hellip;]<\/p>\n","protected":false},"featured_media":6782,"comment_status":"open","ping_status":"closed","template":"","meta":{"_et_pb_use_builder":"","_et_pb_old_content":"","_et_gb_content_width":"","_monsterinsights_skip_tracking":false,"_monsterinsights_sitenote_active":false,"_monsterinsights_sitenote_note":"","_monsterinsights_sitenote_category":0,"_uf_show_specific_survey":0,"_uf_disable_surveys":false},"product_brand":[],"product_cat":[40],"product_tag":[],"class_list":{"0":"post-6744","1":"product","2":"type-product","3":"status-publish","4":"has-post-thumbnail","6":"product_cat-tops-et-t-shirts","8":"first","9":"instock","10":"shipping-taxable","11":"purchasable","12":"product-type-variable"},"aioseo_notices":[],"_links":{"self":[{"href":"https:\/\/boutique-osoleil.fr\/index.php\/wp-json\/wp\/v2\/product\/6744","targetHints":{"allow":["GET"]}}],"collection":[{"href":"https:\/\/boutique-osoleil.fr\/index.php\/wp-json\/wp\/v2\/product"}],"about":[{"href":"https:\/\/boutique-osoleil.fr\/index.php\/wp-json\/wp\/v2\/types\/product"}],"replies":[{"embeddable":true,"href":"https:\/\/boutique-osoleil.fr\/index.php\/wp-json\/wp\/v2\/comments?post=6744"}],"wp:featuredmedia":[{"embeddable":true,"href":"https:\/\/boutique-osoleil.fr\/index.php\/wp-json\/wp\/v2\/media\/6782"}],"wp:attachment":[{"href":"https:\/\/boutique-osoleil.fr\/index.php\/wp-json\/wp\/v2\/media?parent=6744"}],"wp:term":[{"taxonomy":"product_brand","embeddable":true,"href":"https:\/\/boutique-osoleil.fr\/index.php\/wp-json\/wp\/v2\/product_brand?post=6744"},{"taxonomy":"product_cat","embeddable":true,"href":"https:\/\/boutique-osoleil.fr\/index.php\/wp-json\/wp\/v2\/product_cat?post=6744"},{"taxonomy":"product_tag","embeddable":true,"href":"https:\/\/boutique-osoleil.fr\/index.php\/wp-json\/wp\/v2\/product_tag?post=6744"}],"curies":[{"name":"wp","href":"https:\/\/api.w.org\/{rel}","templated":true}]}}