{"id":6746,"date":"2026-04-03T14:19:35","date_gmt":"2026-04-03T12:19:35","guid":{"rendered":"https:\/\/boutique-osoleil.fr\/?post_type=product&#038;p=6746"},"modified":"2026-04-07T11:44:06","modified_gmt":"2026-04-07T09:44:06","slug":"t-shirt-calyra","status":"publish","type":"product","link":"https:\/\/boutique-osoleil.fr\/index.php\/produit\/t-shirt-calyra\/","title":{"rendered":"T-shirt Calyra"},"content":{"rendered":"<p data-start=\"91\" data-end=\"127\"><strong data-start=\"91\" data-end=\"127\">T-shirt Calyra \u2013 imprim\u00e9 Coconut<\/strong><\/p>\n<p data-start=\"129\" data-end=\"275\">Une dose de soleil dans votre dressing \ud83c\udf34\ud83d\udc97<br data-start=\"172\" data-end=\"175\" \/>Le t-shirt Calyra apporte une vibe fra\u00eeche et estivale avec son imprim\u00e9 coconut plein de good vibes.<\/p>\n<p data-start=\"277\" data-end=\"501\">On adore ses rayures roses qui viennent structurer le visuel et son illustration fun qui donne instantan\u00e9ment un esprit vacances. Une pi\u00e8ce parfaite pour celles qui aiment les looks d\u00e9contract\u00e9s avec une touche de fantaisie.<\/p>\n<p data-start=\"503\" data-end=\"636\">Sa coupe droite et confortable en fait un indispensable facile \u00e0 porter au quotidien, que ce soit avec un jean, un short ou une jupe.<\/p>\n<p data-start=\"638\" data-end=\"651\"><strong data-start=\"638\" data-end=\"651\">D\u00e9tails :<\/strong><\/p>\n<ul data-start=\"652\" data-end=\"790\">\n<li data-section-id=\"1sngumd\" data-start=\"652\" data-end=\"668\">Coupe droite<\/li>\n<li data-section-id=\"1sh9rlr\" data-start=\"669\" data-end=\"681\">Col rond<\/li>\n<li data-section-id=\"1c5j4t2\" data-start=\"682\" data-end=\"714\">Imprim\u00e9 coconut avec message<\/li>\n<li data-section-id=\"kxcvk3\" data-start=\"715\" data-end=\"740\">Rayures roses en fond<\/li>\n<li data-section-id=\"jnqxcu\" data-start=\"741\" data-end=\"760\">Manches courtes<\/li>\n<li data-section-id=\"1f2e2nz\" data-start=\"761\" data-end=\"790\">Mati\u00e8re agr\u00e9able \u00e0 porter<\/li>\n<\/ul>\n<p data-start=\"792\" data-end=\"839\"><strong data-start=\"792\" data-end=\"809\">Composition :<\/strong><br data-start=\"809\" data-end=\"812\" \/>100% Coton<\/p>\n","protected":false},"excerpt":{"rendered":"<p>T-shirt Calyra \u2013 imprim\u00e9 Coconut Une dose de soleil dans votre dressing \ud83c\udf34\ud83d\udc97Le t-shirt Calyra apporte une vibe fra\u00eeche et estivale avec son imprim\u00e9 coconut plein de good vibes. On adore ses rayures roses qui viennent structurer le visuel et son illustration fun qui donne instantan\u00e9ment un esprit vacances. Une pi\u00e8ce parfaite pour celles qui [&hellip;]<\/p>\n","protected":false},"featured_media":6732,"comment_status":"open","ping_status":"closed","template":"","meta":{"_et_pb_use_builder":"","_et_pb_old_content":"","_et_gb_content_width":"","_monsterinsights_skip_tracking":false,"_monsterinsights_sitenote_active":false,"_monsterinsights_sitenote_note":"","_monsterinsights_sitenote_category":0,"_uf_show_specific_survey":0,"_uf_disable_surveys":false},"product_brand":[],"product_cat":[40],"product_tag":[],"class_list":{"0":"post-6746","1":"product","2":"type-product","3":"status-publish","4":"has-post-thumbnail","6":"product_cat-tops-et-t-shirts","8":"first","9":"instock","10":"shipping-taxable","11":"purchasable","12":"product-type-variable"},"aioseo_notices":[],"_links":{"self":[{"href":"https:\/\/boutique-osoleil.fr\/index.php\/wp-json\/wp\/v2\/product\/6746","targetHints":{"allow":["GET"]}}],"collection":[{"href":"https:\/\/boutique-osoleil.fr\/index.php\/wp-json\/wp\/v2\/product"}],"about":[{"href":"https:\/\/boutique-osoleil.fr\/index.php\/wp-json\/wp\/v2\/types\/product"}],"replies":[{"embeddable":true,"href":"https:\/\/boutique-osoleil.fr\/index.php\/wp-json\/wp\/v2\/comments?post=6746"}],"wp:featuredmedia":[{"embeddable":true,"href":"https:\/\/boutique-osoleil.fr\/index.php\/wp-json\/wp\/v2\/media\/6732"}],"wp:attachment":[{"href":"https:\/\/boutique-osoleil.fr\/index.php\/wp-json\/wp\/v2\/media?parent=6746"}],"wp:term":[{"taxonomy":"product_brand","embeddable":true,"href":"https:\/\/boutique-osoleil.fr\/index.php\/wp-json\/wp\/v2\/product_brand?post=6746"},{"taxonomy":"product_cat","embeddable":true,"href":"https:\/\/boutique-osoleil.fr\/index.php\/wp-json\/wp\/v2\/product_cat?post=6746"},{"taxonomy":"product_tag","embeddable":true,"href":"https:\/\/boutique-osoleil.fr\/index.php\/wp-json\/wp\/v2\/product_tag?post=6746"}],"curies":[{"name":"wp","href":"https:\/\/api.w.org\/{rel}","templated":true}]}}