{"id":6750,"date":"2026-04-03T14:29:17","date_gmt":"2026-04-03T12:29:17","guid":{"rendered":"https:\/\/boutique-osoleil.fr\/?post_type=product&#038;p=6750"},"modified":"2026-04-16T17:55:56","modified_gmt":"2026-04-16T15:55:56","slug":"t-shirt-azelio","status":"publish","type":"product","link":"https:\/\/boutique-osoleil.fr\/index.php\/produit\/t-shirt-azelio\/","title":{"rendered":"T-shirt Azelio"},"content":{"rendered":"<p data-start=\"139\" data-end=\"176\"><strong data-start=\"139\" data-end=\"176\">T-shirt Azelio \u2013 rayures &amp; soleil<\/strong><\/p>\n<p data-start=\"178\" data-end=\"371\">Un rayon de soleil dans votre dressing \u2600\ufe0f\ud83d\udc99<br data-start=\"221\" data-end=\"224\" \/>Le t-shirt Azelio s\u00e9duit par son mix parfait entre rayures bleues et imprim\u00e9 soleil central, pour un look \u00e0 la fois lumineux et plein de caract\u00e8re.<\/p>\n<p data-start=\"373\" data-end=\"544\">Son design inspir\u00e9 des beaux jours apporte une touche estivale imm\u00e9diate, tandis que ses d\u00e9tails jaunes au col et aux manches viennent rehausser l\u2019ensemble avec subtilit\u00e9.<\/p>\n<p data-start=\"546\" data-end=\"682\">Sa coupe confortable et l\u00e9g\u00e8rement loose en fait une pi\u00e8ce facile \u00e0 porter au quotidien, id\u00e9ale pour un look d\u00e9contract\u00e9 mais travaill\u00e9.<\/p>\n<p data-start=\"684\" data-end=\"764\">\u00c0 associer avec un jean, un short ou une jupe pour un style frais et ensoleill\u00e9.<\/p>\n<p data-start=\"766\" data-end=\"779\"><strong data-start=\"766\" data-end=\"779\">D\u00e9tails :<\/strong><\/p>\n<ul data-start=\"780\" data-end=\"959\">\n<li data-section-id=\"1oizu52\" data-start=\"780\" data-end=\"818\">Coupe confortable l\u00e9g\u00e8rement loose<\/li>\n<li data-section-id=\"pr31ti\" data-start=\"819\" data-end=\"849\">Rayures bleues et blanches<\/li>\n<li data-section-id=\"1g2o5io\" data-start=\"850\" data-end=\"876\">Imprim\u00e9 soleil central<\/li>\n<li data-section-id=\"1p2fli3\" data-start=\"877\" data-end=\"926\">Finitions contrast\u00e9es jaunes (col et manches)<\/li>\n<li data-section-id=\"1sh9rlr\" data-start=\"927\" data-end=\"939\">Col rond<\/li>\n<li data-section-id=\"jnqxcu\" data-start=\"940\" data-end=\"959\">Manches courtes<\/li>\n<li data-section-id=\"jnqxcu\" data-start=\"940\" data-end=\"959\">Made in Italy<\/li>\n<\/ul>\n<p data-start=\"961\" data-end=\"1008\"><strong data-start=\"961\" data-end=\"978\">Composition :<\/strong><br data-start=\"978\" data-end=\"981\" \/>90% Coton 5% Polyester 5% Elasthanne<\/p>\n","protected":false},"excerpt":{"rendered":"<p>T-shirt Azelio \u2013 rayures &amp; soleil Un rayon de soleil dans votre dressing \u2600\ufe0f\ud83d\udc99Le t-shirt Azelio s\u00e9duit par son mix parfait entre rayures bleues et imprim\u00e9 soleil central, pour un look \u00e0 la fois lumineux et plein de caract\u00e8re. Son design inspir\u00e9 des beaux jours apporte une touche estivale imm\u00e9diate, tandis que ses d\u00e9tails jaunes [&hellip;]<\/p>\n","protected":false},"featured_media":6800,"comment_status":"open","ping_status":"closed","template":"","meta":{"_et_pb_use_builder":"","_et_pb_old_content":"","_et_gb_content_width":"","_monsterinsights_skip_tracking":false,"_monsterinsights_sitenote_active":false,"_monsterinsights_sitenote_note":"","_monsterinsights_sitenote_category":0,"_uf_show_specific_survey":0,"_uf_disable_surveys":false},"product_brand":[],"product_cat":[40],"product_tag":[],"class_list":{"0":"post-6750","1":"product","2":"type-product","3":"status-publish","4":"has-post-thumbnail","6":"product_cat-tops-et-t-shirts","8":"first","9":"outofstock","10":"shipping-taxable","11":"purchasable","12":"product-type-variable"},"aioseo_notices":[],"_links":{"self":[{"href":"https:\/\/boutique-osoleil.fr\/index.php\/wp-json\/wp\/v2\/product\/6750","targetHints":{"allow":["GET"]}}],"collection":[{"href":"https:\/\/boutique-osoleil.fr\/index.php\/wp-json\/wp\/v2\/product"}],"about":[{"href":"https:\/\/boutique-osoleil.fr\/index.php\/wp-json\/wp\/v2\/types\/product"}],"replies":[{"embeddable":true,"href":"https:\/\/boutique-osoleil.fr\/index.php\/wp-json\/wp\/v2\/comments?post=6750"}],"wp:featuredmedia":[{"embeddable":true,"href":"https:\/\/boutique-osoleil.fr\/index.php\/wp-json\/wp\/v2\/media\/6800"}],"wp:attachment":[{"href":"https:\/\/boutique-osoleil.fr\/index.php\/wp-json\/wp\/v2\/media?parent=6750"}],"wp:term":[{"taxonomy":"product_brand","embeddable":true,"href":"https:\/\/boutique-osoleil.fr\/index.php\/wp-json\/wp\/v2\/product_brand?post=6750"},{"taxonomy":"product_cat","embeddable":true,"href":"https:\/\/boutique-osoleil.fr\/index.php\/wp-json\/wp\/v2\/product_cat?post=6750"},{"taxonomy":"product_tag","embeddable":true,"href":"https:\/\/boutique-osoleil.fr\/index.php\/wp-json\/wp\/v2\/product_tag?post=6750"}],"curies":[{"name":"wp","href":"https:\/\/api.w.org\/{rel}","templated":true}]}}