{"id":6754,"date":"2026-04-10T09:40:38","date_gmt":"2026-04-10T07:40:38","guid":{"rendered":"https:\/\/boutique-osoleil.fr\/?post_type=product&#038;p=6754"},"modified":"2026-04-11T18:00:44","modified_gmt":"2026-04-11T16:00:44","slug":"t-shirt-ella","status":"publish","type":"product","link":"https:\/\/boutique-osoleil.fr\/index.php\/produit\/t-shirt-ella\/","title":{"rendered":"T-shirt Ella"},"content":{"rendered":"<p data-start=\"98\" data-end=\"132\"><strong data-start=\"98\" data-end=\"132\">Tee-shirt \u201cElla\u201d<\/strong><\/p>\n<p data-start=\"134\" data-end=\"364\">Un tee-shirt oversize revisit\u00e9 avec un d\u00e9tail qui fait toute la diff\u00e9rence \ud83e\udd0d<br data-start=\"211\" data-end=\"214\" \/>\u00c0 premi\u00e8re vue, un basique\u2026 mais dans le dos, un c\u0153ur en dentelle vient subtilement r\u00e9v\u00e9ler la peau et apporter une touche ultra f\u00e9minine et d\u00e9licate.<\/p>\n<p data-start=\"366\" data-end=\"595\">Sa coupe ample assure un confort absolu et un tomb\u00e9 fluide, parfait pour un look casual mais travaill\u00e9. C\u2019est typiquement la pi\u00e8ce facile \u00e0 porter au quotidien, avec ce petit twist \u00e9l\u00e9gant qui attire le regard sans en faire trop.<\/p>\n<p data-start=\"597\" data-end=\"647\">Un essentiel revisit\u00e9, entre douceur et caract\u00e8re.<\/p>\n<p data-start=\"649\" data-end=\"664\"><strong data-start=\"649\" data-end=\"662\">D\u00e9tails :<\/strong><\/p>\n<ul data-start=\"665\" data-end=\"808\">\n<li data-section-id=\"6dc5w5\" data-start=\"665\" data-end=\"685\">Coupe : oversize<\/li>\n<li data-section-id=\"dm1e3p\" data-start=\"686\" data-end=\"700\">Col : rond<\/li>\n<li data-section-id=\"17pagn8\" data-start=\"701\" data-end=\"722\">Manches : courtes<\/li>\n<li data-section-id=\"1v1qj7l\" data-start=\"723\" data-end=\"764\">D\u00e9tail : c\u0153ur en dentelle dans le dos<\/li>\n<li data-section-id=\"1xk6c84\" data-start=\"765\" data-end=\"808\">Style : casual avec une touche f\u00e9minine<\/li>\n<\/ul>\n","protected":false},"excerpt":{"rendered":"<p>Tee-shirt \u201cElla\u201d Un tee-shirt oversize revisit\u00e9 avec un d\u00e9tail qui fait toute la diff\u00e9rence \ud83e\udd0d\u00c0 premi\u00e8re vue, un basique\u2026 mais dans le dos, un c\u0153ur en dentelle vient subtilement r\u00e9v\u00e9ler la peau et apporter une touche ultra f\u00e9minine et d\u00e9licate. Sa coupe ample assure un confort absolu et un tomb\u00e9 fluide, parfait pour un look [&hellip;]<\/p>\n","protected":false},"featured_media":6770,"comment_status":"open","ping_status":"closed","template":"","meta":{"_et_pb_use_builder":"","_et_pb_old_content":"","_et_gb_content_width":"","_monsterinsights_skip_tracking":false,"_monsterinsights_sitenote_active":false,"_monsterinsights_sitenote_note":"","_monsterinsights_sitenote_category":0,"_uf_show_specific_survey":0,"_uf_disable_surveys":false},"product_brand":[],"product_cat":[40],"product_tag":[],"class_list":{"0":"post-6754","1":"product","2":"type-product","3":"status-publish","4":"has-post-thumbnail","6":"product_cat-tops-et-t-shirts","8":"first","9":"instock","10":"shipping-taxable","11":"purchasable","12":"product-type-variable"},"aioseo_notices":[],"_links":{"self":[{"href":"https:\/\/boutique-osoleil.fr\/index.php\/wp-json\/wp\/v2\/product\/6754","targetHints":{"allow":["GET"]}}],"collection":[{"href":"https:\/\/boutique-osoleil.fr\/index.php\/wp-json\/wp\/v2\/product"}],"about":[{"href":"https:\/\/boutique-osoleil.fr\/index.php\/wp-json\/wp\/v2\/types\/product"}],"replies":[{"embeddable":true,"href":"https:\/\/boutique-osoleil.fr\/index.php\/wp-json\/wp\/v2\/comments?post=6754"}],"wp:featuredmedia":[{"embeddable":true,"href":"https:\/\/boutique-osoleil.fr\/index.php\/wp-json\/wp\/v2\/media\/6770"}],"wp:attachment":[{"href":"https:\/\/boutique-osoleil.fr\/index.php\/wp-json\/wp\/v2\/media?parent=6754"}],"wp:term":[{"taxonomy":"product_brand","embeddable":true,"href":"https:\/\/boutique-osoleil.fr\/index.php\/wp-json\/wp\/v2\/product_brand?post=6754"},{"taxonomy":"product_cat","embeddable":true,"href":"https:\/\/boutique-osoleil.fr\/index.php\/wp-json\/wp\/v2\/product_cat?post=6754"},{"taxonomy":"product_tag","embeddable":true,"href":"https:\/\/boutique-osoleil.fr\/index.php\/wp-json\/wp\/v2\/product_tag?post=6754"}],"curies":[{"name":"wp","href":"https:\/\/api.w.org\/{rel}","templated":true}]}}