{"id":806,"date":"2025-06-27T14:44:21","date_gmt":"2025-06-27T12:44:21","guid":{"rendered":"https:\/\/boutique-osoleil.fr\/?post_type=product&#038;p=806"},"modified":"2026-02-28T17:31:13","modified_gmt":"2026-02-28T16:31:13","slug":"chemise-camille","status":"publish","type":"product","link":"https:\/\/boutique-osoleil.fr\/index.php\/produit\/chemise-camille\/","title":{"rendered":"Chemise Camille"},"content":{"rendered":"<p data-start=\"107\" data-end=\"176\"><strong data-start=\"107\" data-end=\"176\">Chemise imprim\u00e9e marine \u00e0 manches courtes \u2013 \u00c9l\u00e9gance d\u00e9contract\u00e9e<\/strong><\/p>\n<p data-start=\"178\" data-end=\"568\">Affirmez votre style avec cette chemise \u00e0 manches courtes bleu marine, subtilement imprim\u00e9e de micro-motifs g\u00e9om\u00e9triques. Sa coupe ajust\u00e9e mettra en valeur votre silhouette tout en restant confortable au quotidien. On aime le contraste discret du liser\u00e9 blanc au niveau des manches et de la poche poitrine, ainsi que le col int\u00e9rieur en tissu uni qui apporte une touche moderne et raffin\u00e9e.<\/p>\n<p data-start=\"570\" data-end=\"735\">Parfaite pour un look casual chic, elle se mariera aussi bien avec un jean qu\u2019un pantalon clair pour vos soir\u00e9es d&#8217;\u00e9t\u00e9, vos sorties ou vos rendez-vous plus habill\u00e9s.<\/p>\n<p data-start=\"737\" data-end=\"760\"><strong data-start=\"737\" data-end=\"758\">D\u00e9tails produit :<\/strong><\/p>\n<ul data-start=\"761\" data-end=\"960\">\n<li data-start=\"761\" data-end=\"778\">\n<p data-start=\"763\" data-end=\"778\">Coupe ajust\u00e9e<\/p>\n<\/li>\n<li data-start=\"779\" data-end=\"822\">\n<p data-start=\"781\" data-end=\"822\">Manches courtes avec liser\u00e9 contrastant<\/p>\n<\/li>\n<li data-start=\"823\" data-end=\"846\">\n<p data-start=\"825\" data-end=\"846\">Fermeture boutonn\u00e9e<\/p>\n<\/li>\n<li data-start=\"847\" data-end=\"889\">\n<p data-start=\"849\" data-end=\"889\">Col classique avec doublure contrast\u00e9e<\/p>\n<\/li>\n<li data-start=\"890\" data-end=\"919\">\n<p data-start=\"892\" data-end=\"919\">Poche poitrine d\u00e9corative<\/p>\n<\/li>\n<li data-start=\"920\" data-end=\"960\">\n<p data-start=\"922\" data-end=\"960\">Tissu doux et l\u00e9ger, agr\u00e9able \u00e0 porter<\/p>\n<\/li>\n<\/ul>\n<p data-start=\"962\" data-end=\"993\"><strong data-start=\"962\" data-end=\"979\">Composition :<\/strong><br data-start=\"979\" data-end=\"982\" \/>97% Coton 3% \u00e9lasthanne<\/p>\n<p data-start=\"995\" data-end=\"1141\"><strong data-start=\"995\" data-end=\"1014\">Conseil style :<\/strong><br data-start=\"1014\" data-end=\"1017\" \/>\u00c0 porter ouverte sur un t-shirt blanc pour un look d\u00e9contract\u00e9 ou boutonn\u00e9e avec un chino pour une allure plus sophistiqu\u00e9<\/p>\n","protected":false},"excerpt":{"rendered":"<p>Chemise imprim\u00e9e marine \u00e0 manches courtes \u2013 \u00c9l\u00e9gance d\u00e9contract\u00e9e Affirmez votre style avec cette chemise \u00e0 manches courtes bleu marine, subtilement imprim\u00e9e de micro-motifs g\u00e9om\u00e9triques. Sa coupe ajust\u00e9e mettra en valeur votre silhouette tout en restant confortable au quotidien. On aime le contraste discret du liser\u00e9 blanc au niveau des manches et de la poche [&hellip;]<\/p>\n","protected":false},"featured_media":790,"comment_status":"open","ping_status":"closed","template":"","meta":{"_et_pb_use_builder":"","_et_pb_old_content":"","_et_gb_content_width":"","_monsterinsights_skip_tracking":false,"_monsterinsights_sitenote_active":false,"_monsterinsights_sitenote_note":"","_monsterinsights_sitenote_category":0,"_uf_show_specific_survey":0,"_uf_disable_surveys":false},"product_brand":[],"product_cat":[30],"product_tag":[],"class_list":{"0":"post-806","1":"product","2":"type-product","3":"status-publish","4":"has-post-thumbnail","6":"product_cat-chemises","8":"first","9":"instock","10":"shipping-taxable","11":"purchasable","12":"product-type-variable"},"aioseo_notices":[],"_links":{"self":[{"href":"https:\/\/boutique-osoleil.fr\/index.php\/wp-json\/wp\/v2\/product\/806","targetHints":{"allow":["GET"]}}],"collection":[{"href":"https:\/\/boutique-osoleil.fr\/index.php\/wp-json\/wp\/v2\/product"}],"about":[{"href":"https:\/\/boutique-osoleil.fr\/index.php\/wp-json\/wp\/v2\/types\/product"}],"replies":[{"embeddable":true,"href":"https:\/\/boutique-osoleil.fr\/index.php\/wp-json\/wp\/v2\/comments?post=806"}],"wp:featuredmedia":[{"embeddable":true,"href":"https:\/\/boutique-osoleil.fr\/index.php\/wp-json\/wp\/v2\/media\/790"}],"wp:attachment":[{"href":"https:\/\/boutique-osoleil.fr\/index.php\/wp-json\/wp\/v2\/media?parent=806"}],"wp:term":[{"taxonomy":"product_brand","embeddable":true,"href":"https:\/\/boutique-osoleil.fr\/index.php\/wp-json\/wp\/v2\/product_brand?post=806"},{"taxonomy":"product_cat","embeddable":true,"href":"https:\/\/boutique-osoleil.fr\/index.php\/wp-json\/wp\/v2\/product_cat?post=806"},{"taxonomy":"product_tag","embeddable":true,"href":"https:\/\/boutique-osoleil.fr\/index.php\/wp-json\/wp\/v2\/product_tag?post=806"}],"curies":[{"name":"wp","href":"https:\/\/api.w.org\/{rel}","templated":true}]}}